{"id":7248,"date":"2016-10-12T12:21:08","date_gmt":"2016-10-12T10:21:08","guid":{"rendered":"http:\/\/dev.get3clicks.com\/?page_id=7248"},"modified":"2022-08-24T12:09:18","modified_gmt":"2022-08-24T10:09:18","slug":"reubox_abbvie","status":"publish","type":"page","link":"https:\/\/www.astmabox.pl\/","title":{"rendered":"main"},"content":{"rendered":"[vc_row full_width=&#8221;stretch_row&#8221; bg_type=&#8221;image&#8221; css=&#8221;.vc_custom_1482408261406{padding-top: 0px !important;padding-bottom: 150px !important;background: #c6c6c6 url(https:\/\/www.reubox.pl\/wp-content\/uploads\/2016\/10\/KV_photo_1.jpg?id=7274) !important;background-position: center !important;background-repeat: no-repeat !important;background-size: cover !important;}&#8221;][vc_column][vc_row_inner content_placement=&#8221;top&#8221; css=&#8221;.vc_custom_1470639357276{padding-right: 50px !important;padding-left: 50px !important;}&#8221;][vc_column_inner][vc_single_image image=&#8221;7334&#8243; img_size=&#8221;full&#8221; alignment=&#8221;center&#8221;][\/vc_column_inner][\/vc_row_inner]<div id=\"ultimate-heading-468869ddaf4fa85a0\" class=\"uvc-heading ult-adjust-bottom-margin ultimate-heading-468869ddaf4fa85a0 uvc-6747 \" data-hspacer=\"no_spacer\"  data-halign=\"center\" style=\"text-align:center\"><div class=\"uvc-heading-spacer no_spacer\" style=\"top\"><\/div><div class=\"uvc-main-heading ult-responsive\"  data-ultimate-target='.uvc-heading.ultimate-heading-468869ddaf4fa85a0 h2'  data-responsive-json-new='{\"font-size\":\"desktop:60px;tablet:60px;tablet_portrait:60px;mobile_landscape:30px;mobile:24px;\",\"line-height\":\"desktop:60px;tablet:60px;tablet_portrait:60px;mobile_landscape:35px;mobile:30px;\"}' ><h2 style=\"font-family:'Work Sans';font-weight:700;color:#ffffff;\">AstmaBox - unikatowa aplikacja dla lekarzy, kt\u00f3ra zawiera niezb\u0119dne informacje wspieraj\u0105ce proces diagnostyczno-terapeutyczny u pacjent\u00f3w ci\u0119\u017ck\u0105 astm\u0105*. <\/h2><\/div><div class=\"uvc-sub-heading ult-responsive\"  data-ultimate-target='.uvc-heading.ultimate-heading-468869ddaf4fa85a0 .uvc-sub-heading '  data-responsive-json-new='{\"font-size\":\"desktop:22px;tablet:22px;tablet_portrait:22px;mobile_landscape:16px;mobile:14px;\",\"line-height\":\"\"}'  style=\"font-family:'Work Sans';font-weight:600;color:#ffffff;margin-top:20px;\">\n<p style=\"text-align: center;\">Aplikacj\u0119\u00a0AstmaBox rekomenduje\u00a0AstraZeneca<\/p>\n<\/div><\/div>[vc_btn title=&#8221;Pobierz bezp\u0142atn\u0105 aplikacj\u0119&#8221; style=&#8221;flat&#8221; shape=&#8221;round&#8221; color=&#8221;white&#8221; size=&#8221;lg&#8221; align=&#8221;center&#8221; link=&#8221;url:%23download||&#8221;]<div class=\"ult-spacer spacer-69ddaf4fa85cc\" data-id=\"69ddaf4fa85cc\" data-height=\"30\" data-height-mobile=\"10\" data-height-tab=\"20\" data-height-tab-portrait=\"20\" data-height-mobile-landscape=\"20\" style=\"clear:both;display:block;\"><\/div>[\/vc_column][\/vc_row][vc_row content_placement=&#8221;top&#8221; bg_type=&#8221;bg_color&#8221; bg_color_value=&#8221;#ffffff&#8221; el_id=&#8221;download&#8221;][vc_column width=&#8221;1\/2&#8243;][vc_single_image image=&#8221;7395&#8243; img_size=&#8221;full&#8221; alignment=&#8221;center&#8221; css_animation=&#8221;bottom-to-top&#8221; css=&#8221;.vc_custom_1600182690681{margin-top: -200px !important;}&#8221;][vc_row_inner content_placement=&#8221;middle&#8221;][vc_column_inner el_class=&#8221;text-center&#8221; width=&#8221;1\/2&#8243;][vc_btn title=&#8221;Pobierz na IOS&#8221; style=&#8221;flat&#8221; shape=&#8221;round&#8221; color=&#8221;warning&#8221; size=&#8221;lg&#8221; align=&#8221;center&#8221; link=&#8221;url:https%3A%2F%2Fapps.apple.com%2Fpl%2Fapp%2Fastmabox%2Fid1500396929%3Fl%3Dpl|title:https%3A%2F%2Fapps.apple.com%2Fpl%2Fapp%2Fastmabox%2Fid1500396929%3Fl%3Dpl||&#8221; button_block=&#8221;true&#8221;][\/vc_column_inner][vc_column_inner width=&#8221;1\/2&#8243;][vc_btn title=&#8221;Pobierz na ANDROID&#8221; style=&#8221;flat&#8221; shape=&#8221;round&#8221; color=&#8221;warning&#8221; size=&#8221;lg&#8221; align=&#8221;center&#8221; link=&#8221;url:https%3A%2F%2Fplay.google.com%2Fstore%2Fapps%2Fdetails%3Fid%3Dcom.connectmedica.astmabox%26hl%3Dpl%26gl%3DUS|title:https%3A%2F%2Fplay.google.com%2Fstore%2Fapps%2Fdetails%3Fid%3Dcom.connectmedica.astmabox%26hl%3Dpl%26gl%3DUS||&#8221; button_block=&#8221;true&#8221;][\/vc_column_inner][\/vc_row_inner][\/vc_column][vc_column width=&#8221;1\/2&#8243; css=&#8221;.vc_custom_1470639535041{padding-right: 20px !important;padding-left: 20px !important;}&#8221;][vc_column_text css_animation=&#8221;top-to-bottom&#8221;]Pobierz now\u0105 aplikacj\u0119 medyczn\u0105, zbudowan\u0105 na platformie 3Clicks, adresowan\u0105 szczeg\u00f3lnie do:<\/p>\n<ul>\n<li>Pulmonolog\u00f3w<\/li>\n<li>Alergolog\u00f3w<\/li>\n<li>Lekarzy POZ<\/li>\n<li>Internist\u00f3w<\/li>\n<\/ul>\n<p>Aplikacja zawiera informacje, kt\u00f3re wspieraj\u0105 proces diagnostyczno-terapeutyczny u pacjent\u00f3w z ci\u0119\u017ck\u0105 astm\u0105.<\/p>\n<p>Narz\u0119dzie jest bezp\u0142atne, a jego dodatkowym atutem jest mo\u017cliwo\u015b\u0107 zapisywania wynik\u00f3w oblicze\u0144 oraz listy spe\u0142nionych kryteri\u00f3w kwalifikacji do leczenia w przejrzystej formie elektronicznej, gotowej do wydruku.<\/p>\n<p>Narz\u0119dzie uzyska\u0142o <b>patronat Polskiego Towarzystwa Alergologicznego<\/b>[\/vc_column_text][\/vc_column][vc_column]<div class=\"ult-spacer spacer-69ddaf4fa85e1\" data-id=\"69ddaf4fa85e1\" data-height=\"100\" data-height-mobile=\"25\" data-height-tab=\"50\" data-height-tab-portrait=\"50\" data-height-mobile-landscape=\"25\" style=\"clear:both;display:block;\"><\/div>[vc_column_text css_animation=&#8221;appear&#8221; css=&#8221;.vc_custom_1629207071609{padding-right: 20px !important;padding-left: 20px !important;}&#8221;]\n<h2 style=\"text-align: center;\">Aplikacja AstmaBox to doskona\u0142e narz\u0119dzie dla lekarzy umo\u017cliwiaj\u0105ce szybki i prosty dost\u0119p do u\u017cytecznych informacji r\u00f3wnie\u017c bez dost\u0119pu do Internetu.<\/h2>\n<p>* Program Lekowy LECZENIE CI\u0118\u017bKIEJ ASTMY ALERGICZNEJ IGE ZALE\u017bNEJ (ICD-10 J 45.0) ORAZ CI\u0118\u017bKIEJ ASTMY EOZYNOFILOWEJ (ICD-10 J 82) <a href=\"https:\/\/www.gov.pl\/web\/zdrowie\/choroby-nieonkologiczne\">https:\/\/www.gov.pl\/web\/zdrowie\/choroby-nieonkologiczne<\/a>[\/vc_column_text]<div class=\"ult-spacer spacer-69ddaf4fa85f4\" data-id=\"69ddaf4fa85f4\" data-height=\"100\" data-height-mobile=\"25\" data-height-tab=\"50\" data-height-tab-portrait=\"50\" data-height-mobile-landscape=\"25\" style=\"clear:both;display:block;\"><\/div>[\/vc_column][\/vc_row][vc_row full_height=&#8221;yes&#8221; content_placement=&#8221;middle&#8221; css=&#8221;.vc_custom_1585638194177{background-color: #f1f1f1 !important;}&#8221;][vc_column width=&#8221;1\/2&#8243;][vc_column_text css_animation=&#8221;left-to-right&#8221; css=&#8221;.vc_custom_1591279659996{padding-right: 20px !important;padding-left: 20px !important;}&#8221;]\n<h3 style=\"text-align: left;\">W aplikacji\u00a0AstmaBox\u00a0znajdziesz mi\u0119dzy innymi:<\/h3>\n<ul>\n<li>Aktualizowane wytyczne MZ<\/li>\n<li>Rekomendacje PTA<\/li>\n<li>Aktualne wytyczne i rekomendacje <b>GINA 2020<\/b><\/li>\n<li>Wszystkie najwa\u017cniejsze informacje w zakresie <b>Programu Lekowego B. 44 <\/b>w jednym miejscu<\/li>\n<li>List\u0119 o\u015brodk\u00f3w realizuj\u0105cych Program Lekowy B. 44<\/li>\n<li>Kalkulatory i skale diagnostyczne<\/li>\n<\/ul>\n<p>\u0179r\u00f3d\u0142em informacji w AstmaBox s\u0105 aktualne polskie i europejskie wytyczne oraz publikacje medyczne.[\/vc_column_text][\/vc_column][vc_column width=&#8221;1\/2&#8243;][vc_single_image image=&#8221;7398&#8243; img_size=&#8221;large&#8221; alignment=&#8221;center&#8221;][\/vc_column][\/vc_row][vc_row][vc_column]<div class=\"ult-spacer spacer-69ddaf4fa8605\" data-id=\"69ddaf4fa8605\" data-height=\"100\" data-height-mobile=\"25\" data-height-tab=\"50\" data-height-tab-portrait=\"50\" data-height-mobile-landscape=\"25\" style=\"clear:both;display:block;\"><\/div>[vc_column_text css_animation=&#8221;appear&#8221;]\n<h2 style=\"text-align: center;\"><a href=\"#download\">Pobierz aplikacj\u0119<\/a> i uzyskaj\u00a0dost\u0119p do bogatej wiedzy\u00a0w intuicyjny spos\u00f3b.\u00a0AstmaBox jest w\u0142a\u015bciwym adresem, gdy:<\/h2>\n[\/vc_column_text][\/vc_column][\/vc_row][vc_row gap=&#8221;20&#8243; content_placement=&#8221;top&#8221;][vc_column width=&#8221;1\/4&#8243;][vc_column_text css_animation=&#8221;appear&#8221;]\n<p style=\"text-align: center;\">Chcesz mie\u0107 dost\u0119p do najnowszych wytycznych pod r\u0119k\u0105.<\/p>\n[\/vc_column_text][vc_single_image image=&#8221;7386&#8243; img_size=&#8221;full&#8221; alignment=&#8221;center&#8221; css_animation=&#8221;appear&#8221;][\/vc_column][vc_column width=&#8221;1\/4&#8243;][vc_column_text css_animation=&#8221;appear&#8221;]\n<p style=\"text-align: center;\">U\u017cywasz kalkulator\u00f3w dawek wGKS w codziennej praktyce<\/p>\n[\/vc_column_text][vc_single_image image=&#8221;7328&#8243; img_size=&#8221;full&#8221; alignment=&#8221;center&#8221; css_animation=&#8221;appear&#8221;][\/vc_column][vc_column width=&#8221;1\/4&#8243;][vc_column_text css_animation=&#8221;appear&#8221;]\n<p style=\"text-align: center;\">Przyda ci si\u0119 dost\u0119p do Programu Lekowego B.44<\/p>\n[\/vc_column_text][vc_single_image image=&#8221;7329&#8243; img_size=&#8221;full&#8221; alignment=&#8221;center&#8221; css_animation=&#8221;appear&#8221;][\/vc_column][vc_column width=&#8221;1\/4&#8243;][vc_column_text css_animation=&#8221;appear&#8221;]\n<p style=\"text-align: center;\">Chcesz sprawdzi\u0107 list\u0119 o\u015brodk\u00f3w realizuj\u0105cych PL B.44<\/p>\n[\/vc_column_text][vc_single_image image=&#8221;7346&#8243; img_size=&#8221;full&#8221; alignment=&#8221;center&#8221; css_animation=&#8221;appear&#8221;][\/vc_column][\/vc_row][vc_row full_width=&#8221;stretch_row_content&#8221;][vc_column]<div class=\"ult-spacer spacer-69ddaf4fa8614\" data-id=\"69ddaf4fa8614\" data-height=\"100\" data-height-mobile=\"25\" data-height-tab=\"50\" data-height-tab-portrait=\"50\" data-height-mobile-landscape=\"25\" style=\"clear:both;display:block;\"><\/div>[vc_separator][vc_column_text css_animation=&#8221;appear&#8221;]\n<h3 style=\"text-align: center;\">Skorzystaj z naszego wsparcia technicznego.<\/h3>\n<p style=\"text-align: center;\"><strong>Masz problemy techniczne z aplikacj\u0105?\u00a0<\/strong>Skontaktuj si\u0119 z naszym dzia\u0142em wsparcia.\u00a0Postaramy si\u0119 rozwi\u0105za\u0107 problem najszybciej jak to mo\u017cliwe.<\/p>\n<p style=\"text-align: center;\">e-mail: <a href=\"mailto:support@get3clicks.com\">support@get3clicks.com<\/a>,\u00a0telefon: <strong>+48 22 719 97 31<\/strong> (dni robocze 9.00 &#8211; 17.00)<\/p>\n[\/vc_column_text][\/vc_column][\/vc_row][vc_row][vc_column width=&#8221;1\/2&#8243;][vc_btn title=&#8221;Pobierz regulamin&#8221; style=&#8221;outline&#8221; shape=&#8221;round&#8221; color=&#8221;warning&#8221; size=&#8221;lg&#8221; align=&#8221;center&#8221; i_align=&#8221;right&#8221; i_icon_fontawesome=&#8221;fa fa-download&#8221; link=&#8221;url:http%3A%2F%2Ffiles.get3clicks.com%2F3Clicks_Regulamin%2520%25C5%259Bwiadczenia%2520us%25C5%2582ug%2520drog%25C4%2585%2520elektroniczn%25C4%2585_Astmabox_2018_11_15.pdf|title:Pobierz%20regulamin|target:%20_blank|&#8221; add_icon=&#8221;true&#8221;][\/vc_column][vc_column width=&#8221;1\/2&#8243;][vc_btn title=&#8221;Pobierz ograniczenie odpowiedzialno\u015bci&#8221; style=&#8221;outline&#8221; shape=&#8221;round&#8221; color=&#8221;warning&#8221; size=&#8221;lg&#8221; align=&#8221;center&#8221; i_align=&#8221;right&#8221; i_icon_fontawesome=&#8221;fa fa-download&#8221; link=&#8221;url:http%3A%2F%2Ffiles.get3clicks.com%2F3Clicks_Ograniczenie%2520odpowiedzialno%25C5%259Bci_pharma_AstmaBox.pdf|title:Pobierz%20ograniczenie%20odpowiedzialno%C5%9Bci|target:%20_blank|&#8221; add_icon=&#8221;true&#8221;][\/vc_column][\/vc_row][vc_row][vc_column][vc_column_text]\n<p>I am text block. Click edit button to change this text. Lorem ipsum dolor sit amet, consectetur adipiscing elit. Ut elit tellus, luctus nec ullamcorper mattis, pulvinar dapibus leo.<\/p>\n[\/vc_column_text][\/vc_column][\/vc_row][vc_row][vc_column][vc_column_text][\/vc_column_text][\/vc_column][\/vc_row]\n","protected":false},"excerpt":{"rendered":"<p>[vc_row full_width=&#8221;stretch_row&#8221; bg_type=&#8221;image&#8221; css=&#8221;.vc_custom_1482408261406{padding-top: 0px !important;padding-bottom: 150px !important;background: #c6c6c6 url(https:\/\/www.reubox.pl\/wp-content\/uploads\/2016\/10\/KV_photo_1.jpg?id=7274) !important;background-position: center !important;background-repeat: no-repeat !important;background-size: cover !important;}&#8221;][vc_column][vc_row_inner content_placement=&#8221;top&#8221; css=&#8221;.vc_custom_1470639357276{padding-right: 50px !important;padding-left: 50px !important;}&#8221;][vc_column_inner][vc_single_image image=&#8221;7334&#8243; img_size=&#8221;full&#8221; alignment=&#8221;center&#8221;][\/vc_column_inner][\/vc_row_inner][vc_btn title=&#8221;Pobierz bezp\u0142atn\u0105 aplikacj\u0119&#8221; style=&#8221;flat&#8221; shape=&#8221;round&#8221; color=&#8221;white&#8221; size=&#8221;lg&#8221; align=&#8221;center&#8221; [&hellip;]<\/p>\n","protected":false},"author":1,"featured_media":7295,"parent":0,"menu_order":0,"comment_status":"closed","ping_status":"closed","template":"","meta":{"_monsterinsights_skip_tracking":false,"_monsterinsights_sitenote_active":false,"_monsterinsights_sitenote_note":"","_monsterinsights_sitenote_category":0,"_links_to":"","_links_to_target":""},"_links":{"self":[{"href":"https:\/\/www.astmabox.pl\/index.php\/wp-json\/wp\/v2\/pages\/7248"}],"collection":[{"href":"https:\/\/www.astmabox.pl\/index.php\/wp-json\/wp\/v2\/pages"}],"about":[{"href":"https:\/\/www.astmabox.pl\/index.php\/wp-json\/wp\/v2\/types\/page"}],"author":[{"embeddable":true,"href":"https:\/\/www.astmabox.pl\/index.php\/wp-json\/wp\/v2\/users\/1"}],"replies":[{"embeddable":true,"href":"https:\/\/www.astmabox.pl\/index.php\/wp-json\/wp\/v2\/comments?post=7248"}],"version-history":[{"count":68,"href":"https:\/\/www.astmabox.pl\/index.php\/wp-json\/wp\/v2\/pages\/7248\/revisions"}],"predecessor-version":[{"id":7411,"href":"https:\/\/www.astmabox.pl\/index.php\/wp-json\/wp\/v2\/pages\/7248\/revisions\/7411"}],"wp:featuredmedia":[{"embeddable":true,"href":"https:\/\/www.astmabox.pl\/index.php\/wp-json\/wp\/v2\/media\/7295"}],"wp:attachment":[{"href":"https:\/\/www.astmabox.pl\/index.php\/wp-json\/wp\/v2\/media?parent=7248"}],"curies":[{"name":"wp","href":"https:\/\/api.w.org\/{rel}","templated":true}]}}